{"id":34,"date":"2019-05-01T19:21:42","date_gmt":"2019-05-01T17:21:42","guid":{"rendered":"http:\/\/agnesrousseau-photographe.fr\/?page_id=34"},"modified":"2020-11-22T20:27:34","modified_gmt":"2020-11-22T19:27:34","slug":"temoignages","status":"publish","type":"page","link":"https:\/\/agnesrousseau-photographe.fr\/index.php\/temoignages\/","title":{"rendered":"T\u00e9moignages"},"content":{"rendered":"\n<hr class=\"wp-block-separator\"\/>\n\n\n\n<div style=\"height:20px\" aria-hidden=\"true\" class=\"wp-block-spacer\"><\/div>\n\n\n\n<div class=\"wp-block-media-text alignwide is-image-fill\" style=\"grid-template-columns:20% auto\"><figure class=\"wp-block-media-text__media\" style=\"background-image:url(http:\/\/agnesrousseau-photographe.fr\/wp-content\/uploads\/2019\/06\/ok-IMG_6552-1024x683.jpg);background-position:50% 50%\"><img loading=\"lazy\" width=\"1024\" height=\"683\" src=\"http:\/\/agnesrousseau-photographe.fr\/wp-content\/uploads\/2019\/06\/ok-IMG_6552-1024x683.jpg\" alt=\"Test A\" class=\"wp-image-309\" srcset=\"https:\/\/agnesrousseau-photographe.fr\/wp-content\/uploads\/2019\/06\/ok-IMG_6552-1024x683.jpg 1024w, https:\/\/agnesrousseau-photographe.fr\/wp-content\/uploads\/2019\/06\/ok-IMG_6552-300x200.jpg 300w, https:\/\/agnesrousseau-photographe.fr\/wp-content\/uploads\/2019\/06\/ok-IMG_6552-768x512.jpg 768w\" sizes=\"(max-width: 1024px) 100vw, 1024px\" \/><\/figure><div class=\"wp-block-media-text__content\">\n<p style=\"font-size:15px\">Blandine  <em>\u00ab\u00a0Pour certains le \u00ab&nbsp;face \u00e0 soi&nbsp;\u00bb est facile, \u00e9vident, flatteur. Pour d\u2019autres plus timide, effac\u00e9, parfois m\u00eame inconnu&#8230;Le temps d\u2019une s\u00e9ance, et le \u00ab&nbsp;soi&nbsp;\u00bb devient serein. L\u2019image ne refl\u00e8te pas forc\u00e9ment ce que nous pensions \u00eatre (ou ne pas \u00eatre). Elle nous surprend et nous interroge. Agn\u00e8s met \u00e0 l\u2019aise, elle nous tend le crayon, et c\u2019est nous qui cr\u00e9ons la toile ! Un moment avec soi m\u00eame et une professionnelle : une belle exp\u00e9rience !\u00a0\u00bb<\/em><\/p>\n<\/div><\/div>\n\n\n\n<div style=\"height:20px\" aria-hidden=\"true\" class=\"wp-block-spacer\"><\/div>\n\n\n\n<div class=\"wp-block-media-text alignwide has-media-on-the-right is-image-fill\" style=\"grid-template-columns:auto 25%\"><figure class=\"wp-block-media-text__media\" style=\"background-image:url(http:\/\/agnesrousseau-photographe.fr\/wp-content\/uploads\/2019\/05\/IMG_0598-712x1024.jpg);background-position:50% 50%\"><img loading=\"lazy\" width=\"712\" height=\"1024\" src=\"http:\/\/agnesrousseau-photographe.fr\/wp-content\/uploads\/2019\/05\/IMG_0598-712x1024.jpg\" alt=\"\" class=\"wp-image-58\" srcset=\"https:\/\/agnesrousseau-photographe.fr\/wp-content\/uploads\/2019\/05\/IMG_0598-712x1024.jpg 712w, https:\/\/agnesrousseau-photographe.fr\/wp-content\/uploads\/2019\/05\/IMG_0598-209x300.jpg 209w, https:\/\/agnesrousseau-photographe.fr\/wp-content\/uploads\/2019\/05\/IMG_0598-768x1105.jpg 768w, https:\/\/agnesrousseau-photographe.fr\/wp-content\/uploads\/2019\/05\/IMG_0598-583x838.jpg 583w\" sizes=\"(max-width: 712px) 100vw, 712px\" \/><\/figure><div class=\"wp-block-media-text__content\">\n<p style=\"font-size:15px\">Magali <em>\u00ab\u00a0La s\u00e9ance photos avec Agn\u00e8s a \u00e9t\u00e9 un moment magique. Entre humour et s\u00e9rieux, Agn\u00e8s a tr\u00e8s rapidement su et r\u00e9ussi \u00e0 me mettre \u00e0 l&rsquo;aise. Le plus \u00ab\u00a0inattendu\u00a0\u00bb et chouette a \u00e9t\u00e9 la d\u00e9couverte de portraits sur lesquels je me trouve naturelle et jolie. Une premi\u00e8re et grande avanc\u00e9e dans l&rsquo;acceptation de mon image, de moi. Un grand Merci \u00e0 vous Agn\u00e8s&nbsp;\u00bb.<\/em><\/p>\n<\/div><\/div>\n\n\n\n<div style=\"height:20px\" aria-hidden=\"true\" class=\"wp-block-spacer\"><\/div>\n\n\n\n<div class=\"wp-block-media-text alignwide is-image-fill\" style=\"grid-template-columns:19% auto\"><figure class=\"wp-block-media-text__media\" style=\"background-image:url(https:\/\/agnesrousseau-photographe.fr\/wp-content\/uploads\/2019\/06\/IMG_4085-2-1024x819.jpg);background-position:50% 47%\"><img loading=\"lazy\" width=\"1024\" height=\"819\" src=\"https:\/\/agnesrousseau-photographe.fr\/wp-content\/uploads\/2019\/06\/IMG_4085-2-1024x819.jpg\" alt=\"\" class=\"wp-image-536\" srcset=\"https:\/\/agnesrousseau-photographe.fr\/wp-content\/uploads\/2019\/06\/IMG_4085-2-1024x819.jpg 1024w, https:\/\/agnesrousseau-photographe.fr\/wp-content\/uploads\/2019\/06\/IMG_4085-2-300x240.jpg 300w, https:\/\/agnesrousseau-photographe.fr\/wp-content\/uploads\/2019\/06\/IMG_4085-2-768x615.jpg 768w\" sizes=\"(max-width: 1024px) 100vw, 1024px\" \/><\/figure><div class=\"wp-block-media-text__content\">\n<p style=\"font-size:14px\">Aur\u00e9lie <em>\u00ab&nbsp;Agn\u00e8s a le don de mettre les personnes \u00e0 l&rsquo;aise si simplement, rien qu&rsquo;avec son Etre. Elle est passionn\u00e9e par son m\u00e9tier et nous immerge facilement dans son joli monde de la photographie.<\/em><\/p>\n\n\n\n<p style=\"font-size:14px\"><em>Lorsque nous sommes avec elle, nous sommes hors du temps. On en ressort grandi. C&rsquo;est une tr\u00e8s belle exp\u00e9rience que je conseille de vivre au moins une fois, seule, en couple et en famille.&nbsp;\u00bb<\/em><\/p>\n<\/div><\/div>\n\n\n\n<div style=\"height:20px\" aria-hidden=\"true\" class=\"wp-block-spacer\"><\/div>\n\n\n\n<div class=\"wp-block-media-text alignwide has-media-on-the-right is-image-fill\" style=\"grid-template-columns:auto 22%\"><figure class=\"wp-block-media-text__media\" style=\"background-image:url(http:\/\/agnesrousseau-photographe.fr\/wp-content\/uploads\/2019\/05\/IMG_5003-1024x683.jpg);background-position:49% 49%\"><img loading=\"lazy\" width=\"1024\" height=\"683\" src=\"http:\/\/agnesrousseau-photographe.fr\/wp-content\/uploads\/2019\/05\/IMG_5003-1024x683.jpg\" alt=\"\" class=\"wp-image-53\" srcset=\"https:\/\/agnesrousseau-photographe.fr\/wp-content\/uploads\/2019\/05\/IMG_5003-1024x683.jpg 1024w, https:\/\/agnesrousseau-photographe.fr\/wp-content\/uploads\/2019\/05\/IMG_5003-300x200.jpg 300w, https:\/\/agnesrousseau-photographe.fr\/wp-content\/uploads\/2019\/05\/IMG_5003-768x512.jpg 768w, https:\/\/agnesrousseau-photographe.fr\/wp-content\/uploads\/2019\/05\/IMG_5003-583x389.jpg 583w\" sizes=\"(max-width: 1024px) 100vw, 1024px\" \/><\/figure><div class=\"wp-block-media-text__content\">\n<p style=\"font-size:15px\">Magali <em>\u00ab\u00a0Une exp\u00e9rience photographique et humaine dont le r\u00e9sultat m\u2019a \u00e9mu, il m\u2019a r\u00e9v\u00e9l\u00e9 une part de moi que je ne voyais plus&nbsp;\u00bb <\/em><\/p>\n<\/div><\/div>\n\n\n\n<div style=\"height:20px\" aria-hidden=\"true\" class=\"wp-block-spacer\"><\/div>\n\n\n\n<div class=\"wp-block-media-text alignwide is-image-fill\" style=\"grid-template-columns:23% auto\"><figure class=\"wp-block-media-text__media\" style=\"background-image:url(http:\/\/agnesrousseau-photographe.fr\/wp-content\/uploads\/2019\/05\/IMG_9118-736x1024.jpg);background-position:50% 50%\"><img loading=\"lazy\" width=\"736\" height=\"1024\" src=\"http:\/\/agnesrousseau-photographe.fr\/wp-content\/uploads\/2019\/05\/IMG_9118-736x1024.jpg\" alt=\"\" class=\"wp-image-95\" srcset=\"https:\/\/agnesrousseau-photographe.fr\/wp-content\/uploads\/2019\/05\/IMG_9118-736x1024.jpg 736w, https:\/\/agnesrousseau-photographe.fr\/wp-content\/uploads\/2019\/05\/IMG_9118-216x300.jpg 216w, https:\/\/agnesrousseau-photographe.fr\/wp-content\/uploads\/2019\/05\/IMG_9118-768x1068.jpg 768w, https:\/\/agnesrousseau-photographe.fr\/wp-content\/uploads\/2019\/05\/IMG_9118-583x811.jpg 583w\" sizes=\"(max-width: 736px) 100vw, 736px\" \/><\/figure><div class=\"wp-block-media-text__content\">\n<p style=\"font-size:15px\">Guillaume et Albane <em>\u00ab Nous avons fait une s\u00e9ance photo pendant la grossesse et apr\u00e8s la naissance de b\u00e9b\u00e9 avec Agnes, et tout s\u2019est tr\u00e8s bien pass\u00e9. Moi qui ne suis d\u2019habitude pas tr\u00e8s \u00e0 l\u2019aise devant un objectif, je me suis tr\u00e8s vite d\u00e9tendue. Les photos s\u2019encha\u00eenent avec beaucoup de fluidit\u00e9 et de douceur, et le r\u00e9sultat est super. Agnes est tr\u00e8s \u00e0 l\u2019\u00e9coute de nos souhaits, tout en proposant des id\u00e9es int\u00e9ressantes. Elle nous avait m\u00eame pr\u00e9par\u00e9 un cocon bien chaud et douillet lors de la s\u00e9ance avec b\u00e9b\u00e9. Bref, nous sommes tr\u00e8s contents d\u2019avoir d\u00e9couvert Agn\u00e8s et nous la recommandons chaleureusement. \u00bb<\/em><\/p>\n\n\n\n<div style=\"height:20px\" aria-hidden=\"true\" class=\"wp-block-spacer\"><\/div>\n\n\n\n<div style=\"height:20px\" aria-hidden=\"true\" class=\"wp-block-spacer\"><\/div>\n<\/div><\/div>\n\n\n\n<div class=\"wp-block-media-text alignwide has-media-on-the-right is-image-fill\" style=\"grid-template-columns:auto 24%\"><figure class=\"wp-block-media-text__media\" style=\"background-image:url(http:\/\/agnesrousseau-photographe.fr\/wp-content\/uploads\/2019\/05\/IMG_0825-1-765x1024.jpg);background-position:61% 37%\"><img loading=\"lazy\" width=\"765\" height=\"1024\" src=\"http:\/\/agnesrousseau-photographe.fr\/wp-content\/uploads\/2019\/05\/IMG_0825-1-765x1024.jpg\" alt=\"\" class=\"wp-image-290\" srcset=\"https:\/\/agnesrousseau-photographe.fr\/wp-content\/uploads\/2019\/05\/IMG_0825-1-765x1024.jpg 765w, https:\/\/agnesrousseau-photographe.fr\/wp-content\/uploads\/2019\/05\/IMG_0825-1-224x300.jpg 224w, https:\/\/agnesrousseau-photographe.fr\/wp-content\/uploads\/2019\/05\/IMG_0825-1-768x1028.jpg 768w\" sizes=\"(max-width: 765px) 100vw, 765px\" \/><\/figure><div class=\"wp-block-media-text__content\">\n<p style=\"font-size:14px\">Fr\u00e9d\u00e9rique \u00ab\u00a0<em>Moment magique de se retrouver avec soi m\u00eame, une forme de mise \u00e0 nu qui se fait devant l\u2019appareil photo avec beaucoup de bienveillance, de respect, d&rsquo;attention de la part d&rsquo;Agn\u00e8s. &nbsp;Elle a le talent pour nous mettre \u00e0 l&rsquo;aise, de cr\u00e9er des atmosph\u00e8res pour nous amener au fur et \u00e0 mesure \u00e0 cette rencontre avec soi m\u00eame, au plus intime de qui nous sommes.<\/em><\/p>\n<\/div><\/div>\n\n\n\n<div style=\"height:20px\" aria-hidden=\"true\" class=\"wp-block-spacer\"><\/div>\n\n\n\n<div class=\"wp-block-media-text alignwide\" style=\"grid-template-columns:26% auto\"><figure class=\"wp-block-media-text__media\"><img loading=\"lazy\" width=\"1024\" height=\"683\" src=\"http:\/\/agnesrousseau-photographe.fr\/wp-content\/uploads\/2019\/05\/IMG_6866-1024x683.jpg\" alt=\"\" class=\"wp-image-72\" srcset=\"https:\/\/agnesrousseau-photographe.fr\/wp-content\/uploads\/2019\/05\/IMG_6866-1024x683.jpg 1024w, https:\/\/agnesrousseau-photographe.fr\/wp-content\/uploads\/2019\/05\/IMG_6866-300x200.jpg 300w, https:\/\/agnesrousseau-photographe.fr\/wp-content\/uploads\/2019\/05\/IMG_6866-768x512.jpg 768w, https:\/\/agnesrousseau-photographe.fr\/wp-content\/uploads\/2019\/05\/IMG_6866-583x389.jpg 583w\" sizes=\"(max-width: 1024px) 100vw, 1024px\" \/><\/figure><div class=\"wp-block-media-text__content\">\n<p style=\"font-size:14px\">Val\u00e9rie <em>\u00ab\u00a0Lors du shooting photo, la bienveillance et l&rsquo;humanit\u00e9 d&rsquo;Agn\u00e8s m&rsquo;ont permis de trouver en moi des ressources insoup\u00e7onn\u00e9es pour me sentir \u00e0 l&rsquo;aise devant l&rsquo;objectif. Ce n&rsquo;\u00e9tait pas gagn\u00e9 ! Mais elle a r\u00e9ussi \u00e0 faire ressortir de moi ce que je suis en toute pudeur. C&rsquo;est la premi\u00e8re fois que je me suis trouv\u00e9e belle sur des photos. Un \u00e9norme merci pour ce moment de partage en douceur unique !<\/em>\u00ab\u00a0<\/p>\n<\/div><\/div>\n\n\n\n<div style=\"height:20px\" aria-hidden=\"true\" class=\"wp-block-spacer\"><\/div>\n\n\n\n<div class=\"wp-block-media-text alignwide has-media-on-the-right\" style=\"grid-template-columns:auto 19%\"><figure class=\"wp-block-media-text__media\"><img loading=\"lazy\" width=\"725\" height=\"1024\" src=\"http:\/\/agnesrousseau-photographe.fr\/wp-content\/uploads\/2019\/05\/IMG_1966-725x1024.jpg\" alt=\"\" class=\"wp-image-77\" srcset=\"https:\/\/agnesrousseau-photographe.fr\/wp-content\/uploads\/2019\/05\/IMG_1966-725x1024.jpg 725w, https:\/\/agnesrousseau-photographe.fr\/wp-content\/uploads\/2019\/05\/IMG_1966-213x300.jpg 213w, https:\/\/agnesrousseau-photographe.fr\/wp-content\/uploads\/2019\/05\/IMG_1966-768x1084.jpg 768w, https:\/\/agnesrousseau-photographe.fr\/wp-content\/uploads\/2019\/05\/IMG_1966-583x823.jpg 583w\" sizes=\"(max-width: 725px) 100vw, 725px\" \/><\/figure><div class=\"wp-block-media-text__content\">\n<p style=\"font-size:14px\">Val\u00e9rie  <em>\u00ab&nbsp;Un shooting photo ? J&rsquo;en r\u00eavais sans oser l&rsquo;imaginer , Agn\u00e8s l&rsquo;a fait !&nbsp;<\/em><\/p>\n\n\n\n<p style=\"font-size:14px\"><em>\u00ab\u00a0Mon caddie de courses remplit de v\u00eatements et chapeaux, c&rsquo;est parti&#8230; Les poses du d\u00e9but sont timides, puis je prends confiance. En peu de temps la magie op\u00e8re, le Clown blanc &amp; l&rsquo;Auguste laissent place \u00e0 ma personnalit\u00e9 vraie, bas les masques ! Des instants capt\u00e9s dans la bonne humeur et au travers de l&rsquo;\u0153il de Lynx d&rsquo;Agn\u00e8s.\u00a0\u00bb<\/em><\/p>\n\n\n\n<p style=\"font-size:14px\"><em>\u00ab\u00a0Agn\u00e8s est une photographe qui voit au del\u00e0 des apparences, et s&rsquo;adapte \u00e0 chaque personne avec une grande g\u00e9n\u00e9rosit\u00e9. Son travail est&nbsp;r\u00e9ellement diff\u00e9rent, pr\u00e9cis et authentique\u00a0\u00bb<\/em><\/p>\n\n\n\n<p style=\"font-size:14px\"><i>\u00ab\u00a0Le shooting termin\u00e9, nous sommes toutes deux heureuses et fatigu\u00e9es&nbsp;<\/i>\u00bb<em>\u00ab\u00a0Moment intense et magique, les photos parlent d&rsquo;elles-m\u00eames ,et &#8230; j&rsquo;avoue je les adore \ud83d\ude42&nbsp;\u00bb<\/em><\/p>\n<\/div><\/div>\n\n\n\n<div style=\"height:20px\" aria-hidden=\"true\" class=\"wp-block-spacer\"><\/div>\n\n\n\n<div class=\"wp-block-media-text alignwide\" style=\"grid-template-columns:16% auto\"><figure class=\"wp-block-media-text__media\"><img loading=\"lazy\" width=\"746\" height=\"1024\" src=\"http:\/\/agnesrousseau-photographe.fr\/wp-content\/uploads\/2019\/06\/IMG_6172-746x1024.jpg\" alt=\"\" class=\"wp-image-504\" srcset=\"https:\/\/agnesrousseau-photographe.fr\/wp-content\/uploads\/2019\/06\/IMG_6172-746x1024.jpg 746w, https:\/\/agnesrousseau-photographe.fr\/wp-content\/uploads\/2019\/06\/IMG_6172-219x300.jpg 219w, https:\/\/agnesrousseau-photographe.fr\/wp-content\/uploads\/2019\/06\/IMG_6172-768x1054.jpg 768w\" sizes=\"(max-width: 746px) 100vw, 746px\" \/><\/figure><div class=\"wp-block-media-text__content\">\n<p style=\"font-size:14px\">Muguette <em>\u00ab\u00a0Ma s\u00e9ance photos avec Agn\u00e8s a \u00e9t\u00e9 pour moi une r\u00e9v\u00e9lation&nbsp;; de part son talent de photographe et sa technique de prises de vues, Agn\u00e8s a su me mettre en confiance, et moi qui avait horreur de me faire prendre en photo, j&rsquo;ai jou\u00e9 le jeu avec beaucoup de naturel, et j&rsquo;en oubliais l&rsquo;objectif&nbsp;; j&rsquo;ai m\u00eame fait un album de mes photos que je regarde avec plaisir et avec lesquelles j&rsquo;ai appris \u00e0 m&rsquo;accepter ; un grand merci Agn\u00e8s\u00a0\u00bb.<\/em><\/p>\n<\/div><\/div>\n\n\n\n<div style=\"height:20px\" aria-hidden=\"true\" class=\"wp-block-spacer\"><\/div>\n\n\n\n<div class=\"wp-block-media-text alignwide has-media-on-the-right\" style=\"grid-template-columns:auto 30%\"><figure class=\"wp-block-media-text__media\"><img loading=\"lazy\" width=\"1024\" height=\"642\" src=\"http:\/\/agnesrousseau-photographe.fr\/wp-content\/uploads\/2019\/06\/IMG_1966-1024x642.jpg\" alt=\"\" class=\"wp-image-508\" srcset=\"https:\/\/agnesrousseau-photographe.fr\/wp-content\/uploads\/2019\/06\/IMG_1966-1024x642.jpg 1024w, https:\/\/agnesrousseau-photographe.fr\/wp-content\/uploads\/2019\/06\/IMG_1966-300x188.jpg 300w, https:\/\/agnesrousseau-photographe.fr\/wp-content\/uploads\/2019\/06\/IMG_1966-768x482.jpg 768w, https:\/\/agnesrousseau-photographe.fr\/wp-content\/uploads\/2019\/06\/IMG_1966-542x340.jpg 542w\" sizes=\"(max-width: 1024px) 100vw, 1024px\" \/><\/figure><div class=\"wp-block-media-text__content\">\n<p style=\"font-size:14px\">Laure \u00ab\u00a0<em>J&rsquo;ai v\u00e9cu \u00e0 2 reprises cet \u00e9v\u00e9nement avec Agn\u00e8s Rousseau. Une fois pour moi et une fois pour mon fils en tant que maman qui voyait son fils sous les feux de la rampe, enfin plut\u00f4t sous le feu de l&rsquo;appareil d&rsquo;Agn\u00e8s. La premi\u00e8re fois pour moi, fut intimidante, malgr\u00e9 le fait que j&rsquo;avais d\u00e9j\u00e0 fait de la sc\u00e8ne. Mais tellement enrichissante dans le sens o\u00f9 Agn\u00e8s m&rsquo;a permis de m&rsquo;exprimer \u00e0 ma fa\u00e7on, avec toute l&rsquo;authenticit\u00e9 qu&rsquo;elle connait de moi. Les photos sont justes&nbsp; magnifiques et mettent en valeur ce que je suis et qui je suis avec simplicit\u00e9 et v\u00e9rit\u00e9. Je ne me suis jamais sentie aussi belle qu&rsquo;en regardant ses photos !<\/em><\/p>\n\n\n\n<p style=\"font-size:14px\"><em>Pour mon fils, j&rsquo;\u00e9tais tr\u00e8s fi\u00e8re de le voir d\u00e9ambuler en mode mannequin, il a 17 ans, et Agn\u00e8s a tout de suite su capter son attention malgr\u00e9 sa jeunesse. Les photos sont aussi tellement belles ! Nous les envoyons pour casting. Merci du fond du c\u0153ur, Agn\u00e8s,&nbsp; pour tout \u00e7a, et en plus <\/em>ce fut une bonne partie de rigolade, ce qui ne g\u00e2che rien !!!<\/p>\n<\/div><\/div>\n\n\n\n<div style=\"height:20px\" aria-hidden=\"true\" class=\"wp-block-spacer\"><\/div>\n\n\n\n<div class=\"wp-block-media-text alignwide\" style=\"grid-template-columns:18% auto\"><figure class=\"wp-block-media-text__media\"><img loading=\"lazy\" width=\"738\" height=\"1024\" src=\"http:\/\/agnesrousseau-photographe.fr\/wp-content\/uploads\/2019\/06\/IMG_6848-738x1024.jpg\" alt=\"\" class=\"wp-image-510\" srcset=\"https:\/\/agnesrousseau-photographe.fr\/wp-content\/uploads\/2019\/06\/IMG_6848-738x1024.jpg 738w, https:\/\/agnesrousseau-photographe.fr\/wp-content\/uploads\/2019\/06\/IMG_6848-216x300.jpg 216w, https:\/\/agnesrousseau-photographe.fr\/wp-content\/uploads\/2019\/06\/IMG_6848-768x1066.jpg 768w\" sizes=\"(max-width: 738px) 100vw, 738px\" \/><\/figure><div class=\"wp-block-media-text__content\">\n<p style=\"font-size:14px\">Anne \u00ab\u00a0<em>Cette s\u00e9ance, que j&rsquo;ai prise comme un cadeau d&rsquo;Agn\u00e8s. Elle s&rsquo;est faite tout en douceur, en simplicit\u00e9 et en authenticit\u00e9, et m\u2019a donn\u00e9 la force de me r\u00e9v\u00e9ler \u00e0 moi-m\u00eame.&nbsp;<\/em><\/p>\n\n\n\n<p style=\"font-size:14px\"><em>Ces photos m\u2019ont permis de prendre conscience que le regard que j\u2019avais sur moi, n\u2019\u00e9tait pas la r\u00e9alit\u00e9.<\/em><\/p>\n\n\n\n<p style=\"font-size:14px\"><em>Cet espace- temps a \u00e9t\u00e9 pour moi une vraie th\u00e9rapie, qui est arriv\u00e9e \u00e0 un moment cl\u00e9. C\u2019\u00e9tait juste du bonheur.<\/em><\/p>\n\n\n\n<p style=\"font-size:14px\"><em> Merci Agn\u00e8s, de m\u2019avoir propos\u00e9 et surtout d\u2019avoir pris le temps de me mettre \u00e0 l\u2019aise afin acc\u00e9der \u00e0 d\u2019aussi belles photos.<\/em><\/p>\n\n\n\n<p style=\"font-size:14px\"><em>Merci de tout coeur pour ce magnifique moment, qui a \u00e9t\u00e9 possible gr\u00e2ce \u00e0 Agn\u00e8s\u00a0\u00bb<\/em><\/p>\n<\/div><\/div>\n\n\n\n<div style=\"height:20px\" aria-hidden=\"true\" class=\"wp-block-spacer\"><\/div>\n\n\n\n<div class=\"wp-block-media-text alignwide has-media-on-the-right is-stacked-on-mobile\" style=\"grid-template-columns:auto 31%\"><figure class=\"wp-block-media-text__media\"><img loading=\"lazy\" width=\"1024\" height=\"683\" src=\"http:\/\/agnesrousseau-photographe.fr\/wp-content\/uploads\/2020\/05\/IMG_9323-1024x683.jpg\" alt=\"\" class=\"wp-image-1008\" srcset=\"https:\/\/agnesrousseau-photographe.fr\/wp-content\/uploads\/2020\/05\/IMG_9323-1024x683.jpg 1024w, https:\/\/agnesrousseau-photographe.fr\/wp-content\/uploads\/2020\/05\/IMG_9323-300x200.jpg 300w, https:\/\/agnesrousseau-photographe.fr\/wp-content\/uploads\/2020\/05\/IMG_9323-768x512.jpg 768w, https:\/\/agnesrousseau-photographe.fr\/wp-content\/uploads\/2020\/05\/IMG_9323-1536x1024.jpg 1536w, https:\/\/agnesrousseau-photographe.fr\/wp-content\/uploads\/2020\/05\/IMG_9323-2048x1365.jpg 2048w\" sizes=\"(max-width: 1024px) 100vw, 1024px\" \/><\/figure><div class=\"wp-block-media-text__content\">\n<p style=\"font-size:14px\">Gwenhaelle \u00ab\u00a0<em>Agn\u00e8s a su me mettre en confiance face \u00e0 son objectif et gr\u00e2ce \u00e0 sa grande sensibilit\u00e9, elle a r\u00e9ussi \u00e0 capter mon \u00e2me.A travers ses photos, je me suis d\u00e9couverte comme je ne m \u00e9tais jamais vue.<\/em>\u00ab\u00a0<\/p>\n<\/div><\/div>\n","protected":false},"excerpt":{"rendered":"<p>Blandine \u00ab\u00a0Pour certains le \u00ab&nbsp;face \u00e0 soi&nbsp;\u00bb est facile, \u00e9vident, flatteur. Pour d\u2019autres plus timide, effac\u00e9, parfois m\u00eame inconnu&#8230;Le temps d\u2019une s\u00e9ance, et le \u00ab&nbsp;soi&nbsp;\u00bb devient serein. L\u2019image ne refl\u00e8te pas forc\u00e9ment ce que nous pensions \u00eatre (ou ne pas \u00eatre). Elle nous surprend et nous interroge. Agn\u00e8s met \u00e0 l\u2019aise, elle nous tend le crayon, et c\u2019est nous qui cr\u00e9ons la toile ! Un moment avec soi m\u00eame et une professionnelle : une belle exp\u00e9rience !\u00a0\u00bb Magali \u00ab\u00a0La s\u00e9ance photos avec Agn\u00e8s a \u00e9t\u00e9 un moment magique. Entre humour et s\u00e9rieux, Agn\u00e8s a tr\u00e8s rapidement su et r\u00e9ussi \u00e0&#8230; <\/p>\n","protected":false},"author":1,"featured_media":0,"parent":0,"menu_order":0,"comment_status":"closed","ping_status":"closed","template":"full-width.php","meta":[],"aioseo_notices":[],"_links":{"self":[{"href":"https:\/\/agnesrousseau-photographe.fr\/index.php\/wp-json\/wp\/v2\/pages\/34"}],"collection":[{"href":"https:\/\/agnesrousseau-photographe.fr\/index.php\/wp-json\/wp\/v2\/pages"}],"about":[{"href":"https:\/\/agnesrousseau-photographe.fr\/index.php\/wp-json\/wp\/v2\/types\/page"}],"author":[{"embeddable":true,"href":"https:\/\/agnesrousseau-photographe.fr\/index.php\/wp-json\/wp\/v2\/users\/1"}],"replies":[{"embeddable":true,"href":"https:\/\/agnesrousseau-photographe.fr\/index.php\/wp-json\/wp\/v2\/comments?post=34"}],"version-history":[{"count":181,"href":"https:\/\/agnesrousseau-photographe.fr\/index.php\/wp-json\/wp\/v2\/pages\/34\/revisions"}],"predecessor-version":[{"id":1565,"href":"https:\/\/agnesrousseau-photographe.fr\/index.php\/wp-json\/wp\/v2\/pages\/34\/revisions\/1565"}],"wp:attachment":[{"href":"https:\/\/agnesrousseau-photographe.fr\/index.php\/wp-json\/wp\/v2\/media?parent=34"}],"curies":[{"name":"wp","href":"https:\/\/api.w.org\/{rel}","templated":true}]}}