{"id":2009,"date":"2022-11-29T17:14:03","date_gmt":"2022-11-29T16:14:03","guid":{"rendered":"https:\/\/agnesrousseau-photographe.fr\/?page_id=2009"},"modified":"2023-02-28T21:53:12","modified_gmt":"2023-02-28T20:53:12","slug":"2009-2","status":"publish","type":"page","link":"https:\/\/agnesrousseau-photographe.fr\/index.php\/2009-2\/","title":{"rendered":"Actualit\u00e9s"},"content":{"rendered":"\n<div style=\"height:36px\" aria-hidden=\"true\" class=\"wp-block-spacer\"><\/div>\n\n\n\n<p class=\"has-text-align-center has-text-color\" style=\"color:#a0e3f4\">Nouveau regard sur soi<\/p>\n\n\n\n<p class=\"has-text-align-center has-text-color\" style=\"color:#a0e3f4\">&nbsp;Weekend de 3 jours en couleurs dans le Morbihan (Noyal Muzillac) dans une Long\u00e8re de pierres au coeur de la campagne.<\/p>\n\n\n\n<p class=\"has-text-align-center has-text-color\" style=\"color:#a0e3f4\">&nbsp; &nbsp;Du Vendredi 28 Avril au Lundi 1er Mai 2023<\/p>\n\n\n\n<div class=\"wp-block-image\"><figure class=\"aligncenter size-full is-resized\"><img loading=\"lazy\" src=\"https:\/\/agnesrousseau-photographe.fr\/wp-content\/uploads\/2022\/11\/A6F6091B-D6A0-4FFA-AE6E-44E33DE90A3B.png\" alt=\"\" class=\"wp-image-2044\" width=\"545\" height=\"369\" srcset=\"https:\/\/agnesrousseau-photographe.fr\/wp-content\/uploads\/2022\/11\/A6F6091B-D6A0-4FFA-AE6E-44E33DE90A3B.png 602w, https:\/\/agnesrousseau-photographe.fr\/wp-content\/uploads\/2022\/11\/A6F6091B-D6A0-4FFA-AE6E-44E33DE90A3B-300x203.png 300w\" sizes=\"(max-width: 545px) 100vw, 545px\" \/><\/figure><\/div>\n\n\n\n<p>Echapp\u00e9e belle dans une Long\u00e8re de 260 m2, au coeur de la campagne avec un jardin de 2500 m2, \u00e0 20 min de l&rsquo;Oc\u00e9an et \u00e0 3km de la for\u00eat.<\/p>\n\n\n\n<p>Tout au long de ce week-end, voici les activit\u00e9s propos\u00e9es :<\/p>\n\n\n\n<ul class=\"has-text-color\" style=\"color:#ccba88\"><li><strong>Atelier d\u00e9couverte de votre palette de couleurs v\u00eatements<\/strong>&nbsp;avec Annie&nbsp;<\/li><li><strong>Cours de NIA (ou en fonction de la m\u00e9t\u00e9o Art-Th\u00e9rapie), cours de Yin Yoga et une s\u00e9ance maquillage jour l\u00e9ger<\/strong>&nbsp;avec Shelby&nbsp;<\/li><li><strong>S\u00e9ance Photographie Portrait<\/strong>&nbsp;avec Agn\u00e8s<\/li><\/ul>\n\n\n\n<p>Et aussi du temps libre pour des balades en campagne, en for\u00eat ou \u00e0 la mer (\u00e0 20km).&nbsp;<\/p>\n\n\n\n<p><strong>Heure d&rsquo;Arriv\u00e9e\/D\u00e9part :<\/strong>&nbsp;Arriv\u00e9e Vendredi entre 18h et 20h. D\u00e9part Lundi \u00e0 17h00.&nbsp;Merci de vous organiser pour respecter ces horaires pour faciliter le bon d\u00e9roulement des ateliers du week-end.<\/p>\n\n\n\n<p>Chaque participante apportera&nbsp;3&nbsp;repas \u00e0 partager et petits d\u00e9jeuners. Chacune pourra apporter les boissons qu&rsquo;elle souhaite partager (avec ou sans alcool).<\/p>\n\n\n\n<div class=\"wp-block-image\"><figure class=\"aligncenter size-full is-resized\"><img loading=\"lazy\" src=\"https:\/\/agnesrousseau-photographe.fr\/wp-content\/uploads\/2022\/11\/8E17F3F8-6FBA-4079-A587-27A5E2A98340.png\" alt=\"\" class=\"wp-image-2020\" width=\"464\" height=\"343\" srcset=\"https:\/\/agnesrousseau-photographe.fr\/wp-content\/uploads\/2022\/11\/8E17F3F8-6FBA-4079-A587-27A5E2A98340.png 600w, https:\/\/agnesrousseau-photographe.fr\/wp-content\/uploads\/2022\/11\/8E17F3F8-6FBA-4079-A587-27A5E2A98340-300x222.png 300w\" sizes=\"(max-width: 464px) 100vw, 464px\" \/><figcaption><a href=\"https:\/\/www.louyselarebelle.fr\" title=\"\">https:\/\/www.louyselarebelle.fr<\/a><\/figcaption><\/figure><\/div>\n\n\n\n<div class=\"wp-block-image\"><figure class=\"aligncenter size-full is-resized\"><img loading=\"lazy\" src=\"https:\/\/agnesrousseau-photographe.fr\/wp-content\/uploads\/2022\/11\/4B09F67D-D0F3-4D23-BB46-FA2B14D47FAA-2.png\" alt=\"\" class=\"wp-image-2026\" width=\"460\" height=\"327\" srcset=\"https:\/\/agnesrousseau-photographe.fr\/wp-content\/uploads\/2022\/11\/4B09F67D-D0F3-4D23-BB46-FA2B14D47FAA-2.png 613w, https:\/\/agnesrousseau-photographe.fr\/wp-content\/uploads\/2022\/11\/4B09F67D-D0F3-4D23-BB46-FA2B14D47FAA-2-300x214.png 300w\" sizes=\"(max-width: 460px) 100vw, 460px\" \/><figcaption><a href=\"https:\/\/www.nianantes.fr\" title=\"\">https:\/\/www.nianantes.fr<\/a><\/figcaption><\/figure><\/div>\n\n\n\n<div class=\"wp-block-image\"><figure class=\"aligncenter size-full is-resized\"><img loading=\"lazy\" src=\"https:\/\/agnesrousseau-photographe.fr\/wp-content\/uploads\/2022\/11\/C65F0467-BB9E-4204-A0F0-3CF8807690DD.png\" alt=\"\" class=\"wp-image-2029\" width=\"458\" height=\"289\" srcset=\"https:\/\/agnesrousseau-photographe.fr\/wp-content\/uploads\/2022\/11\/C65F0467-BB9E-4204-A0F0-3CF8807690DD.png 591w, https:\/\/agnesrousseau-photographe.fr\/wp-content\/uploads\/2022\/11\/C65F0467-BB9E-4204-A0F0-3CF8807690DD-300x190.png 300w\" sizes=\"(max-width: 458px) 100vw, 458px\" \/><figcaption><a href=\"https:\/\/agnesrousseau-photographe.fr\" title=\"\">https:\/\/agnesrousseau-photographe.fr<\/a><\/figcaption><\/figure><\/div>\n\n\n\n<p><strong>H\u00e9bergement\/Tarifs = 380 euros\/pers<\/strong><\/p>\n\n\n\n<p><strong>Atelier Couleurs Annie, Cours Nia, Yin et maquillage Shelby et Portraits Photos Agn\u00e8s + H\u00e9bergement 3 nuits<\/strong><\/p>\n\n\n\n<ul><li>3 nuits avec lits simples s\u00e9par\u00e9s.<\/li><\/ul>\n\n\n\n<p>Tous les lits sont soigneusement pr\u00e9par\u00e9s \u00e0 votre arriv\u00e9e.<\/p>\n\n\n\n<p>Draps et serviettes fournis<\/p>\n\n\n\n<div class=\"wp-block-image\"><figure class=\"aligncenter size-full\"><img loading=\"lazy\" width=\"606\" height=\"147\" src=\"https:\/\/agnesrousseau-photographe.fr\/wp-content\/uploads\/2022\/11\/190337BF-239D-4EE9-9BFE-550B0480232E_4_5005_c.jpeg\" alt=\"\" class=\"wp-image-2032\" srcset=\"https:\/\/agnesrousseau-photographe.fr\/wp-content\/uploads\/2022\/11\/190337BF-239D-4EE9-9BFE-550B0480232E_4_5005_c.jpeg 606w, https:\/\/agnesrousseau-photographe.fr\/wp-content\/uploads\/2022\/11\/190337BF-239D-4EE9-9BFE-550B0480232E_4_5005_c-300x73.jpeg 300w\" sizes=\"(max-width: 606px) 100vw, 606px\" \/><\/figure><\/div>\n\n\n\n<p><strong>I<\/strong><strong>nscriptions :<\/strong>\u00a0Inscrivez-vous avant le 25 Mars 2023\u00a0aupr\u00e8s de Shelby par mail.\u00a0<\/p>\n\n\n\n<p>Pour toutes questions&nbsp;\u00e0 Shelby : nianantes@gmail.com<\/p>\n\n\n\n<ul><li>R\u00e8glement : Votre inscription sera valid\u00e9e \u00e0 r\u00e9ception d&rsquo;un acompte de 30% par ch\u00e8que. L&rsquo;acompte engage votre inscription et ne sera rembours\u00e9 qu&rsquo;en cas de force majeure (dont crise sanitaire). Possibilit\u00e9 de payer en 3 fois (ch\u00e8que ou esp\u00e8ces).&nbsp;<\/li><\/ul>\n\n\n\n<div style=\"height:28px\" aria-hidden=\"true\" class=\"wp-block-spacer\"><\/div>\n\n\n\n<div class=\"wp-block-image\"><figure class=\"aligncenter size-full\"><img loading=\"lazy\" width=\"577\" height=\"459\" src=\"https:\/\/agnesrousseau-photographe.fr\/wp-content\/uploads\/2022\/11\/4958C020-9270-48BD-9810-C29C46E6CA8B.png\" alt=\"\" class=\"wp-image-2034\" srcset=\"https:\/\/agnesrousseau-photographe.fr\/wp-content\/uploads\/2022\/11\/4958C020-9270-48BD-9810-C29C46E6CA8B.png 577w, https:\/\/agnesrousseau-photographe.fr\/wp-content\/uploads\/2022\/11\/4958C020-9270-48BD-9810-C29C46E6CA8B-300x239.png 300w\" sizes=\"(max-width: 577px) 100vw, 577px\" \/><\/figure><\/div>\n","protected":false},"excerpt":{"rendered":"<p>Nouveau regard sur soi &nbsp;Weekend de 3 jours en couleurs dans le Morbihan (Noyal Muzillac) dans une Long\u00e8re de pierres au coeur de la campagne. &nbsp; &nbsp;Du Vendredi 28 Avril au Lundi 1er Mai 2023 Echapp\u00e9e belle dans une Long\u00e8re de 260 m2, au coeur de la campagne avec un jardin de 2500 m2, \u00e0 20 min de l&rsquo;Oc\u00e9an et \u00e0 3km de la for\u00eat. Tout au long de ce week-end, voici les activit\u00e9s propos\u00e9es : Atelier d\u00e9couverte de votre palette de couleurs v\u00eatements&nbsp;avec Annie&nbsp; Cours de NIA (ou en fonction de la m\u00e9t\u00e9o Art-Th\u00e9rapie), cours de Yin Yoga et&#8230; <\/p>\n","protected":false},"author":1,"featured_media":0,"parent":0,"menu_order":0,"comment_status":"closed","ping_status":"closed","template":"","meta":[],"aioseo_notices":[],"_links":{"self":[{"href":"https:\/\/agnesrousseau-photographe.fr\/index.php\/wp-json\/wp\/v2\/pages\/2009"}],"collection":[{"href":"https:\/\/agnesrousseau-photographe.fr\/index.php\/wp-json\/wp\/v2\/pages"}],"about":[{"href":"https:\/\/agnesrousseau-photographe.fr\/index.php\/wp-json\/wp\/v2\/types\/page"}],"author":[{"embeddable":true,"href":"https:\/\/agnesrousseau-photographe.fr\/index.php\/wp-json\/wp\/v2\/users\/1"}],"replies":[{"embeddable":true,"href":"https:\/\/agnesrousseau-photographe.fr\/index.php\/wp-json\/wp\/v2\/comments?post=2009"}],"version-history":[{"count":51,"href":"https:\/\/agnesrousseau-photographe.fr\/index.php\/wp-json\/wp\/v2\/pages\/2009\/revisions"}],"predecessor-version":[{"id":2113,"href":"https:\/\/agnesrousseau-photographe.fr\/index.php\/wp-json\/wp\/v2\/pages\/2009\/revisions\/2113"}],"wp:attachment":[{"href":"https:\/\/agnesrousseau-photographe.fr\/index.php\/wp-json\/wp\/v2\/media?parent=2009"}],"curies":[{"name":"wp","href":"https:\/\/api.w.org\/{rel}","templated":true}]}}