{"id":2,"date":"2018-11-09T22:06:21","date_gmt":"2018-11-09T21:06:21","guid":{"rendered":"http:\/\/agnesrousseau-photographe.fr\/?page_id=2"},"modified":"2020-11-29T12:19:37","modified_gmt":"2020-11-29T11:19:37","slug":"page-d-exemple","status":"publish","type":"page","link":"https:\/\/agnesrousseau-photographe.fr\/","title":{"rendered":"Qui suis-je ?"},"content":{"rendered":"\n<div class=\"wp-block-media-text alignwide has-media-on-the-right is-stacked-on-mobile is-vertically-aligned-center\" style=\"grid-template-columns:auto 32%\"><figure class=\"wp-block-media-text__media\"><img loading=\"lazy\" width=\"764\" height=\"1024\" src=\"https:\/\/agnesrousseau-photographe.fr\/wp-content\/uploads\/2020\/10\/0045_45Agnes_ROUSSEAU_-_CHI_NEI_TSANG_et_REFLEXOLOGIE_WEB-3-764x1024.jpg\" alt=\"\" class=\"wp-image-1256\" srcset=\"https:\/\/agnesrousseau-photographe.fr\/wp-content\/uploads\/2020\/10\/0045_45Agnes_ROUSSEAU_-_CHI_NEI_TSANG_et_REFLEXOLOGIE_WEB-3-764x1024.jpg 764w, https:\/\/agnesrousseau-photographe.fr\/wp-content\/uploads\/2020\/10\/0045_45Agnes_ROUSSEAU_-_CHI_NEI_TSANG_et_REFLEXOLOGIE_WEB-3-224x300.jpg 224w, https:\/\/agnesrousseau-photographe.fr\/wp-content\/uploads\/2020\/10\/0045_45Agnes_ROUSSEAU_-_CHI_NEI_TSANG_et_REFLEXOLOGIE_WEB-3-768x1029.jpg 768w, https:\/\/agnesrousseau-photographe.fr\/wp-content\/uploads\/2020\/10\/0045_45Agnes_ROUSSEAU_-_CHI_NEI_TSANG_et_REFLEXOLOGIE_WEB-3.jpg 938w\" sizes=\"(max-width: 764px) 100vw, 764px\" \/><\/figure><div class=\"wp-block-media-text__content\">\n<p><em>La nature humaine m\u2019inspire par sa pr\u00e9sence, ses formes, ses mouvements, ses voiles, son histoire, ses dualit\u00e9s, ses diff\u00e9rences, ses ressources, ses failles, ses vides, ses pleins&#8230;.<\/em><\/p>\n\n\n\n<p><em>L\u2019\u00eatre humain m\u2019a longtemps fait peur, aujourd\u2019hui il m\u2019inspire&#8230;<\/em><\/p>\n\n\n\n<p><em>En tant que praticienne en Chi Nei Tsang (soin \u00e9nerg\u00e9tique du ventre), je suis au quotidien au contact des profondeurs de l\u2019\u00eatre, et je constate \u00e0 quel point l\u2019\u00eatre humain peut parfois s\u2019\u00e9loigner de sa v\u00e9ritable nature pour r\u00e9pondre \u00e0 une \u00e9ducation, des croyances soci\u00e9tales dont il devient d\u00e9pendant, s\u2019\u00e9loignant ainsi de son essence pure \u2026<\/em><\/p>\n\n\n\n<p><em>L\u2019appareil photo est pour moi un troisi\u00e8me oeil qui me permet de ressentir, de saisir la lumi\u00e8re en chaque \u00eatre, au del\u00e0 des apparences et permettre ainsi \u00e0 la personne d&rsquo;oser se regarder avec plus de l\u00e9g\u00e8ret\u00e9, et d\u2019acceptation de sa nature v\u00e9ritable.<\/em><\/p>\n\n\n\n<p class=\"has-text-align-center\"><em>Agn\u00e8s Rousseau<\/em><\/p>\n<\/div><\/div>\n","protected":false},"excerpt":{"rendered":"<p>La nature humaine m\u2019inspire par sa pr\u00e9sence, ses formes, ses mouvements, ses voiles, son histoire, ses dualit\u00e9s, ses diff\u00e9rences, ses ressources, ses failles, ses vides, ses pleins&#8230;. L\u2019\u00eatre humain m\u2019a longtemps fait peur, aujourd\u2019hui il m\u2019inspire&#8230; En tant que praticienne en Chi Nei Tsang (soin \u00e9nerg\u00e9tique du ventre), je suis au quotidien au contact des profondeurs de l\u2019\u00eatre, et je constate \u00e0 quel point l\u2019\u00eatre humain peut parfois s\u2019\u00e9loigner de sa v\u00e9ritable nature pour r\u00e9pondre \u00e0 une \u00e9ducation, des croyances soci\u00e9tales dont il devient d\u00e9pendant, s\u2019\u00e9loignant ainsi de son essence pure \u2026 L\u2019appareil photo est pour moi un troisi\u00e8me oeil&#8230; <\/p>\n","protected":false},"author":1,"featured_media":0,"parent":0,"menu_order":0,"comment_status":"closed","ping_status":"open","template":"full-width.php","meta":[],"aioseo_notices":[],"_links":{"self":[{"href":"https:\/\/agnesrousseau-photographe.fr\/index.php\/wp-json\/wp\/v2\/pages\/2"}],"collection":[{"href":"https:\/\/agnesrousseau-photographe.fr\/index.php\/wp-json\/wp\/v2\/pages"}],"about":[{"href":"https:\/\/agnesrousseau-photographe.fr\/index.php\/wp-json\/wp\/v2\/types\/page"}],"author":[{"embeddable":true,"href":"https:\/\/agnesrousseau-photographe.fr\/index.php\/wp-json\/wp\/v2\/users\/1"}],"replies":[{"embeddable":true,"href":"https:\/\/agnesrousseau-photographe.fr\/index.php\/wp-json\/wp\/v2\/comments?post=2"}],"version-history":[{"count":77,"href":"https:\/\/agnesrousseau-photographe.fr\/index.php\/wp-json\/wp\/v2\/pages\/2\/revisions"}],"predecessor-version":[{"id":1643,"href":"https:\/\/agnesrousseau-photographe.fr\/index.php\/wp-json\/wp\/v2\/pages\/2\/revisions\/1643"}],"wp:attachment":[{"href":"https:\/\/agnesrousseau-photographe.fr\/index.php\/wp-json\/wp\/v2\/media?parent=2"}],"curies":[{"name":"wp","href":"https:\/\/api.w.org\/{rel}","templated":true}]}}