{"id":142,"date":"2019-05-10T10:46:45","date_gmt":"2019-05-10T08:46:45","guid":{"rendered":"http:\/\/agnesrousseau-photographe.fr\/?page_id=142"},"modified":"2022-12-08T14:22:15","modified_gmt":"2022-12-08T13:22:15","slug":"contact-tarif-services-proposes","status":"publish","type":"page","link":"https:\/\/agnesrousseau-photographe.fr\/index.php\/contact-tarif-services-proposes\/","title":{"rendered":"Tarifs \/ Contact"},"content":{"rendered":"\n<hr class=\"wp-block-separator\"\/>\n\n\n\n<p>Tarifs et Prestations :<\/p>\n\n\n\n<p>Photographies Portrait Individuelle  : 120 euros (R\u00e8glement possible en 2 fois) , 30 photos, dur\u00e9e 2h, en lumi\u00e8re naturelle int\u00e9rieur ou ext\u00e9rieur.<\/p>\n\n\n\n<p>Photographies Relationnelle Duo : 120 euros (R\u00e8glement possible en 2 fois), 30 photos, dur\u00e9e 2h, en lumi\u00e8re naturelle int\u00e9rieur ou ext\u00e9rieur.<\/p>\n\n\n\n<p>Photographies pour les professionnels du bien-\u00eatre, th\u00e9rapeutes, cr\u00e9ateurs&#8230; : sur Devis <\/p>\n","protected":false},"excerpt":{"rendered":"<p>Tarifs et Prestations : Photographies Portrait Individuelle : 120 euros (R\u00e8glement possible en 2 fois) , 30 photos, dur\u00e9e 2h, en lumi\u00e8re naturelle int\u00e9rieur ou ext\u00e9rieur. Photographies Relationnelle Duo : 120 euros (R\u00e8glement possible en 2 fois), 30 photos, dur\u00e9e 2h, en lumi\u00e8re naturelle int\u00e9rieur ou ext\u00e9rieur. Photographies pour les professionnels du bien-\u00eatre, th\u00e9rapeutes, cr\u00e9ateurs&#8230; : sur Devis<\/p>\n","protected":false},"author":1,"featured_media":0,"parent":0,"menu_order":-7,"comment_status":"closed","ping_status":"closed","template":"","meta":[],"aioseo_notices":[],"_links":{"self":[{"href":"https:\/\/agnesrousseau-photographe.fr\/index.php\/wp-json\/wp\/v2\/pages\/142"}],"collection":[{"href":"https:\/\/agnesrousseau-photographe.fr\/index.php\/wp-json\/wp\/v2\/pages"}],"about":[{"href":"https:\/\/agnesrousseau-photographe.fr\/index.php\/wp-json\/wp\/v2\/types\/page"}],"author":[{"embeddable":true,"href":"https:\/\/agnesrousseau-photographe.fr\/index.php\/wp-json\/wp\/v2\/users\/1"}],"replies":[{"embeddable":true,"href":"https:\/\/agnesrousseau-photographe.fr\/index.php\/wp-json\/wp\/v2\/comments?post=142"}],"version-history":[{"count":118,"href":"https:\/\/agnesrousseau-photographe.fr\/index.php\/wp-json\/wp\/v2\/pages\/142\/revisions"}],"predecessor-version":[{"id":2110,"href":"https:\/\/agnesrousseau-photographe.fr\/index.php\/wp-json\/wp\/v2\/pages\/142\/revisions\/2110"}],"wp:attachment":[{"href":"https:\/\/agnesrousseau-photographe.fr\/index.php\/wp-json\/wp\/v2\/media?parent=142"}],"curies":[{"name":"wp","href":"https:\/\/api.w.org\/{rel}","templated":true}]}}